{"id":6854,"date":"2022-12-18T09:55:13","date_gmt":"2022-12-18T08:55:13","guid":{"rendered":"https:\/\/inaflashcard.com\/?post_type=product&#038;p=6854"},"modified":"2024-03-14T11:13:18","modified_gmt":"2024-03-14T10:13:18","slug":"animal-alphabet","status":"publish","type":"product","link":"https:\/\/inaflashcard.com\/nl\/product\/animal-alphabet\/","title":{"rendered":"Animal Alphabet"},"content":{"rendered":"<p>Laat je kleintje giechelen en bewegen met Movement Play! Flashcards (speel- en leerkaarten) kunnen voor talloze doeleinden gebruikt worden: gewoon genieten van de illustraties, toegevoegd aan zintuiglijke spelletjes (rijst, bonen, speelklei), als een educatief hulpmiddel, en nog veel meer.<\/p>\n<p>Bij In A Flashcard, geven we er de voorkeur aan om onze innerlijke \u2018Lazy Mom\u2019 de vrije loop te laten en het bij de makkelijkste Mom Wins te houden. Gooi gewoon een paar flashcards door de kamer en stuur je kleintje giechelend naar elke kaart.<\/p>\n<p>Dit gaat over veel meer dan leren (hoewel de hersenen optimaal worden gebruikt tijdens Movement Play), dit gaat over weer in verbinding komen met elkaar na een lange dag.<\/p>\n<p>Soms voelt het moederschap als alleen maar werk en geen plezier. Zelfs spelen wordt werk voor moeders.<\/p>\n<p>Ik had een pauze nodig, en dus ontwikkelde ik mijn eigen manier om alle voordelen te krijgen zonder al het werk. Probeer het maar eens!<\/p>\n","protected":false},"excerpt":{"rendered":"<p>Welkom in de wereld van flashcards &#8211; Verbinding, Beweging \u00e8n Leren in \u00e8\u00e8n!<\/p>\n<p>Elk Animal Alphabet set bevat een set flashcards met aquarel illustraties en een prachtige koperen ring om ze gebundeld te houden tussen het spelen door.<\/p>\n<p>Bij dit betoverende thema gaat het om plezierig leren over het alfabet. Help je kleintje zijn steeds groter wordende wereld te ontdekken met deze eenvoudige leermomenten om actief te leren en een band op te bouwen.<\/p>\n","protected":false},"featured_media":6872,"comment_status":"open","ping_status":"closed","template":"","meta":{"jetpack_publicize_message":"","jetpack_publicize_feature_enabled":true,"jetpack_social_post_already_shared":true,"jetpack_social_options":{"image_generator_settings":{"template":"highway","default_image_id":0,"font":"","enabled":false},"version":2},"_wpas_customize_per_network":false},"product_brand":[],"product_cat":[2490,2450],"product_tag":[2669,2574,2670],"class_list":{"0":"post-6854","1":"product","2":"type-product","3":"status-publish","4":"has-post-thumbnail","6":"product_cat-niveau-3","7":"product_cat-pakketten","8":"product_tag-abc-nl","9":"product_tag-alfabet","10":"product_tag-letters-nl","12":"first","13":"instock","14":"featured","15":"taxable","16":"shipping-taxable","17":"purchasable","18":"product-type-variable"},"jetpack_publicize_connections":[],"jetpack_likes_enabled":true,"jetpack_sharing_enabled":true,"_links":{"self":[{"href":"https:\/\/inaflashcard.com\/nl\/wp-json\/wp\/v2\/product\/6854","targetHints":{"allow":["GET"]}}],"collection":[{"href":"https:\/\/inaflashcard.com\/nl\/wp-json\/wp\/v2\/product"}],"about":[{"href":"https:\/\/inaflashcard.com\/nl\/wp-json\/wp\/v2\/types\/product"}],"replies":[{"embeddable":true,"href":"https:\/\/inaflashcard.com\/nl\/wp-json\/wp\/v2\/comments?post=6854"}],"version-history":[{"count":2,"href":"https:\/\/inaflashcard.com\/nl\/wp-json\/wp\/v2\/product\/6854\/revisions"}],"predecessor-version":[{"id":7419,"href":"https:\/\/inaflashcard.com\/nl\/wp-json\/wp\/v2\/product\/6854\/revisions\/7419"}],"wp:featuredmedia":[{"embeddable":true,"href":"https:\/\/inaflashcard.com\/nl\/wp-json\/wp\/v2\/media\/6872"}],"wp:attachment":[{"href":"https:\/\/inaflashcard.com\/nl\/wp-json\/wp\/v2\/media?parent=6854"}],"wp:term":[{"taxonomy":"product_brand","embeddable":true,"href":"https:\/\/inaflashcard.com\/nl\/wp-json\/wp\/v2\/product_brand?post=6854"},{"taxonomy":"product_cat","embeddable":true,"href":"https:\/\/inaflashcard.com\/nl\/wp-json\/wp\/v2\/product_cat?post=6854"},{"taxonomy":"product_tag","embeddable":true,"href":"https:\/\/inaflashcard.com\/nl\/wp-json\/wp\/v2\/product_tag?post=6854"}],"curies":[{"name":"wp","href":"https:\/\/api.w.org\/{rel}","templated":true}]}}