{"id":4715,"date":"2022-01-13T16:39:30","date_gmt":"2022-01-13T15:39:30","guid":{"rendered":"https:\/\/inaflashcard.com\/?post_type=product&#038;p=4715"},"modified":"2022-03-10T10:24:01","modified_gmt":"2022-03-10T09:24:01","slug":"polar-friends-sensorisch","status":"publish","type":"product","link":"https:\/\/inaflashcard.com\/nl\/product\/polar-friends-sensorisch\/","title":{"rendered":"Polar Friends Sensorisch Pakket"},"content":{"rendered":"<p>Welkom in de wereld van flashcards &#8211; Verbinding, Beweging \u00e8n Leren in \u00e8\u00e8n!<\/p>\n<p>Dit bijzondere Polar Friends-pakket bevat 500 g winterse sensorische rijst, drie sets woordenschatkaarten en een prachtige koperen ring om ze gebundeld te houden tussen de speeluurtjes door.<\/p>\n<p><strong>Gekleurde rijst voor sensorische spel<\/strong><\/p>\n<div>\n<p>Specificaties:<\/p>\n<\/div>\n<div>\n<ul>\n<li>500g<\/li>\n<li>Taste safe<\/li>\n<li>Andere accessoires en dieren zijn niet inbegrepen<\/li>\n<\/ul>\n<\/div>\n<p>Bij dit thema draait alles om spelplezier met koele verassingen tijdens het ontwikkelen van <strong>Woordenschat<\/strong> \u2013 <strong>Vormen<\/strong> \u2013 <strong>Tellen<\/strong>. Help je kleintje zijn steeds groter wordende wereld te ontdekken met deze eenvoudige leermomenten om actief te leren en een band op te bouwen.<\/p>\n<p><span style=\"font-weight: 400;\">Hoewel al onze sets geschikt zijn voor kinderen vanaf de geboorte tot ongeveer 6 jaar, zijn de flashcards van fase 3 speciaal ontworpen om het vertrouwen van je kleintje te vergroten met de complexere leerconcepten van <strong>actief tellen<\/strong> en <strong>vormen<\/strong>. <\/span><\/p>\n<p><span style=\"font-weight: 400;\">Je zult merken dat je peuter begint te tellen of zelfs vormen gaat herkennen en benoemen. Dit zijn de eerste stapjes van je kind op weg naar selectief leren (zelf kiezen welke leerconcepten zij wilt ontdekken). De kennisontwikkeling schiet vooruit. <\/span><\/p>\n<p><span style=\"font-weight: 400;\">Met het derde niveau van de In A Flash kaarten leert je peuter actief tellen en vormen herkennen, op een manier waar jullie allebei veel plezier aan zullen beleven.<\/span><\/p>\n","protected":false},"excerpt":{"rendered":"<p><span style=\"font-weight: 400;\">Ons fantasierijke zintuigenpakket Polar Friends is een leuke manier om te experimenteren met leerconcepten en bevat een GRATIS winters geschenk!<\/span><\/p>\n<p><span style=\"text-decoration: underline;\">Dit is een tijdelijke set beschikbaar voor 24 uur tot 14 januari om 20 uur.<\/span><\/p>\n<p>Geniet samen met uw peuter van deze set inclusief 500g taste-safe sensorische rijst.<\/p>\n<p>Ook inclusief GRATIS cadeau van 55 duurzame houten sterren om het tellen te oefenen (zolang de voorraad strekt).<\/p>\n<p>Handgemaakt door de Belgische sensorische speelspecialist Shauni Rau, eigenaresse van <a href=\"http:\/\/www.gewooneenmama.be\" rel=\"nofollow\">http:\/\/www.gewooneenmama.be<\/a> die ook een breed scala aan producten voor sensorisch spelen en kinderontwikkeling in huis heeft.<\/p>\n<p><span style=\"font-weight: 400;\">In niveau 3, komen <\/span><b>woordenschat<\/b><span style=\"font-weight: 400;\">, <strong>vorme<\/strong><\/span> <b>n<\/b> <span style=\"font-weight: 400;\">en<\/span> <b>tellen<\/b> <span style=\"font-weight: 400;\">altijd aan bod met diverse thema\u2019s om de passie en interesse van uw kind te prikkelen \u2013 er komen regelmatig nieuwe thema\u2019s bij (de inspiratie raakt nooit op!)<\/span><\/p>\n","protected":false},"featured_media":4703,"comment_status":"open","ping_status":"closed","template":"","meta":{"jetpack_publicize_message":"","jetpack_publicize_feature_enabled":true,"jetpack_social_post_already_shared":true,"jetpack_social_options":{"image_generator_settings":{"template":"highway","default_image_id":0,"font":"","enabled":false},"version":2},"_wpas_customize_per_network":false},"product_brand":[],"product_cat":[2481,2414],"product_tag":[2478,2543,2419,2477,2420],"class_list":{"0":"post-4715","1":"product","2":"type-product","3":"status-publish","4":"has-post-thumbnail","6":"product_cat-stage-3","7":"product_cat-packages","8":"product_tag-stage-3","9":"product_tag-sensory","10":"product_tag-counting","11":"product_tag-shapes","12":"product_tag-vocabulary","14":"first","15":"outofstock","16":"sale","17":"taxable","18":"shipping-taxable","19":"purchasable","20":"product-type-simple"},"jetpack_publicize_connections":[],"jetpack_likes_enabled":true,"jetpack_sharing_enabled":true,"_links":{"self":[{"href":"https:\/\/inaflashcard.com\/nl\/wp-json\/wp\/v2\/product\/4715","targetHints":{"allow":["GET"]}}],"collection":[{"href":"https:\/\/inaflashcard.com\/nl\/wp-json\/wp\/v2\/product"}],"about":[{"href":"https:\/\/inaflashcard.com\/nl\/wp-json\/wp\/v2\/types\/product"}],"replies":[{"embeddable":true,"href":"https:\/\/inaflashcard.com\/nl\/wp-json\/wp\/v2\/comments?post=4715"}],"version-history":[{"count":1,"href":"https:\/\/inaflashcard.com\/nl\/wp-json\/wp\/v2\/product\/4715\/revisions"}],"predecessor-version":[{"id":4721,"href":"https:\/\/inaflashcard.com\/nl\/wp-json\/wp\/v2\/product\/4715\/revisions\/4721"}],"wp:featuredmedia":[{"embeddable":true,"href":"https:\/\/inaflashcard.com\/nl\/wp-json\/wp\/v2\/media\/4703"}],"wp:attachment":[{"href":"https:\/\/inaflashcard.com\/nl\/wp-json\/wp\/v2\/media?parent=4715"}],"wp:term":[{"taxonomy":"product_brand","embeddable":true,"href":"https:\/\/inaflashcard.com\/nl\/wp-json\/wp\/v2\/product_brand?post=4715"},{"taxonomy":"product_cat","embeddable":true,"href":"https:\/\/inaflashcard.com\/nl\/wp-json\/wp\/v2\/product_cat?post=4715"},{"taxonomy":"product_tag","embeddable":true,"href":"https:\/\/inaflashcard.com\/nl\/wp-json\/wp\/v2\/product_tag?post=4715"}],"curies":[{"name":"wp","href":"https:\/\/api.w.org\/{rel}","templated":true}]}}