{"id":4549,"date":"2022-01-03T09:43:03","date_gmt":"2022-01-03T08:43:04","guid":{"rendered":"https:\/\/inaflashcard.com\/?post_type=product&#038;p=4549"},"modified":"2023-07-02T10:03:24","modified_gmt":"2023-07-02T08:03:24","slug":"gebarentaal","status":"publish","type":"product","link":"https:\/\/inaflashcard.com\/nl\/product\/gebarentaal\/","title":{"rendered":"Gebarentaal Alfabet"},"content":{"rendered":"<p>Welkom in de wereld van flashcards &#8211; Verbinding, Beweging \u00e8n Leren in \u00e8\u00e8n!<\/p>\n<p>Onze Gebarentaal pakket bevat het volledige alfabet met ge\u00efllustreerde handjes om het alfabet in gebarentaal te leren en een prachtige koperen ring om ze tussen de speelbeurten door bij elkaar te houden.<\/p>\n<p>Leuk weetje: voor deze set hebben we het alfabet in Amerikaanse gebarentaal gebruikt. Alfabetten verschillen enigszins per land en cultuur en de dovengemeenschap heeft een breed scala aan alternatieve tekens om te communiceren met mensen uit verschillende regio&#8217;s, landen en talen.<\/p>\n<p>Kinderen (en volwassenen) van alle leeftijden zullen veel plezier beleven aan het leren spellen van hun naam in gebarentaal! Een vaardigheid die een leven lang gekoesterd wordt.<\/p>\n","protected":false},"excerpt":{"rendered":"<p><span style=\"font-weight: 400;\">**Pre-sale \u2013 wordt op 21 januari verzonden**<\/span><\/p>\n<p><span style=\"font-weight: 400;\">Ons prachtig ge\u00efllustreerde Gebarentaal Alfabet pakket biedt ouders een leuke en interactieve manier om het alfabet en gebarentaal te introduceren bij kinderen.<\/span><\/p>\n<p><span style=\"font-weight: 400;\">Hoewel al onze pakketten geschikt zijn vanaf de geboorte tot ongeveer 6 jaar, is dit gebarentaal alfabet perfect voor kinderen die het alfabet leren of die ge\u00efnteresseerd zijn in het zetten van hun eerste stappen in de rijke en prachtige wereld van de dovencultuur. <\/span><\/p>\n","protected":false},"featured_media":4571,"comment_status":"open","ping_status":"closed","template":"","meta":{"jetpack_publicize_message":"","jetpack_publicize_feature_enabled":true,"jetpack_social_post_already_shared":true,"jetpack_social_options":{"image_generator_settings":{"template":"highway","default_image_id":0,"font":"","enabled":false},"version":2},"_wpas_customize_per_network":false},"product_brand":[],"product_cat":[2481,2414],"product_tag":[2478,2419,2477,2420],"class_list":{"0":"post-4549","1":"product","2":"type-product","3":"status-publish","4":"has-post-thumbnail","6":"product_cat-stage-3","7":"product_cat-packages","8":"product_tag-stage-3","9":"product_tag-counting","10":"product_tag-shapes","11":"product_tag-vocabulary","13":"first","14":"instock","15":"taxable","16":"shipping-taxable","17":"purchasable","18":"product-type-simple"},"jetpack_publicize_connections":[],"jetpack_likes_enabled":true,"jetpack_sharing_enabled":true,"_links":{"self":[{"href":"https:\/\/inaflashcard.com\/nl\/wp-json\/wp\/v2\/product\/4549","targetHints":{"allow":["GET"]}}],"collection":[{"href":"https:\/\/inaflashcard.com\/nl\/wp-json\/wp\/v2\/product"}],"about":[{"href":"https:\/\/inaflashcard.com\/nl\/wp-json\/wp\/v2\/types\/product"}],"replies":[{"embeddable":true,"href":"https:\/\/inaflashcard.com\/nl\/wp-json\/wp\/v2\/comments?post=4549"}],"version-history":[{"count":2,"href":"https:\/\/inaflashcard.com\/nl\/wp-json\/wp\/v2\/product\/4549\/revisions"}],"predecessor-version":[{"id":4583,"href":"https:\/\/inaflashcard.com\/nl\/wp-json\/wp\/v2\/product\/4549\/revisions\/4583"}],"wp:featuredmedia":[{"embeddable":true,"href":"https:\/\/inaflashcard.com\/nl\/wp-json\/wp\/v2\/media\/4571"}],"wp:attachment":[{"href":"https:\/\/inaflashcard.com\/nl\/wp-json\/wp\/v2\/media?parent=4549"}],"wp:term":[{"taxonomy":"product_brand","embeddable":true,"href":"https:\/\/inaflashcard.com\/nl\/wp-json\/wp\/v2\/product_brand?post=4549"},{"taxonomy":"product_cat","embeddable":true,"href":"https:\/\/inaflashcard.com\/nl\/wp-json\/wp\/v2\/product_cat?post=4549"},{"taxonomy":"product_tag","embeddable":true,"href":"https:\/\/inaflashcard.com\/nl\/wp-json\/wp\/v2\/product_tag?post=4549"}],"curies":[{"name":"wp","href":"https:\/\/api.w.org\/{rel}","templated":true}]}}