{"id":2943,"date":"2021-10-12T12:11:46","date_gmt":"2021-10-12T10:11:46","guid":{"rendered":"https:\/\/inaflashcard.com\/?post_type=product&#038;p=2943"},"modified":"2021-12-01T15:48:46","modified_gmt":"2021-12-01T14:48:46","slug":"polar-friends","status":"publish","type":"product","link":"https:\/\/inaflashcard.com\/nl\/product\/polar-friends\/","title":{"rendered":"Polar Friends"},"content":{"rendered":"<p>Welkom in de wereld van flashcards &#8211; Verbinding, Beweging \u00e8n Leren in \u00e8\u00e8n!<\/p>\n<p>Elk Polar Friends pakket bestaat uit drie sets kaarten die mooi op elkaar zijn afgestemd rond een centraal thema en een prachtige koperen ring om ze gebundeld te houden tussen de speelbeurten door.<\/p>\n<p>Bij dit thema draait alles om spelplezier met koele verassingen tijdens het ontwikkelen van <strong>Woordenschat<\/strong> \u2013 <strong>Vormen<\/strong> \u2013 <strong>Tellen<\/strong>. Help je kleintje zijn steeds groter wordende wereld te ontdekken met deze eenvoudige leermomenten om actief te leren en een band op te bouwen.<\/p>\n<p><span style=\"font-weight: 400;\">Hoewel al onze sets geschikt zijn voor kinderen vanaf de geboorte tot ongeveer 6 jaar, zijn de flashcards van fase 3 speciaal ontworpen om het vertrouwen van je kleintje te vergroten met de complexere leerconcepten van <strong>actief tellen<\/strong> en <strong>vormen<\/strong>. <\/span><\/p>\n<p><span style=\"font-weight: 400;\">Je zult merken dat je peuter begint te tellen of zelfs vormen gaat herkennen en benoemen. Dit zijn de eerste stapjes van je kind op weg naar selectief leren (zelf kiezen welke leerconcepten zij wilt ontdekken). De kennisontwikkeling schiet vooruit. <\/span><\/p>\n<p><span style=\"font-weight: 400;\">Met het derde niveau van de In A Flash kaarten leert je peuter actief tellen en vormen herkennen, op een manier waar jullie allebei veel plezier aan zullen beleven.<\/span><\/p>\n","protected":false},"excerpt":{"rendered":"<p><span style=\"font-weight: 400;\">Ons fantasierijke Polar Friends pakket biedt ouders 3 prachtige, bite-sized tools voor de eenvoudigste Mom Wins op de markt.<\/span><\/p>\n<p><span style=\"font-weight: 400;\">In niveau 3, komen <\/span><b>woordenschat<\/b><span style=\"font-weight: 400;\">, <strong>vorme<\/strong><\/span> <b>n<\/b> <span style=\"font-weight: 400;\">en<\/span> <b>tellen<\/b> <span style=\"font-weight: 400;\">altijd aan bod met diverse thema\u2019s om de passie en interesse van uw kind te prikkelen \u2013 er komen regelmatig nieuwe thema\u2019s bij (de inspiratie raakt nooit op!)<\/span><\/p>\n","protected":false},"featured_media":3854,"comment_status":"open","ping_status":"closed","template":"","meta":{"jetpack_post_was_ever_published":false,"jetpack_publicize_message":"","jetpack_publicize_feature_enabled":true,"jetpack_social_post_already_shared":true,"jetpack_social_options":{"image_generator_settings":{"template":"highway","default_image_id":0,"font":"","enabled":false},"version":2},"_wpas_customize_per_network":false},"product_brand":[],"product_cat":[2481,2414],"product_tag":[2478,2419,2477,2420],"class_list":{"0":"post-2943","1":"product","2":"type-product","3":"status-publish","4":"has-post-thumbnail","6":"product_cat-stage-3","7":"product_cat-packages","8":"product_tag-stage-3","9":"product_tag-counting","10":"product_tag-shapes","11":"product_tag-vocabulary","13":"first","14":"instock","15":"sale","16":"taxable","17":"shipping-taxable","18":"purchasable","19":"product-type-simple"},"jetpack_publicize_connections":[],"jetpack_likes_enabled":true,"jetpack_sharing_enabled":true,"_links":{"self":[{"href":"https:\/\/inaflashcard.com\/nl\/wp-json\/wp\/v2\/product\/2943","targetHints":{"allow":["GET"]}}],"collection":[{"href":"https:\/\/inaflashcard.com\/nl\/wp-json\/wp\/v2\/product"}],"about":[{"href":"https:\/\/inaflashcard.com\/nl\/wp-json\/wp\/v2\/types\/product"}],"replies":[{"embeddable":true,"href":"https:\/\/inaflashcard.com\/nl\/wp-json\/wp\/v2\/comments?post=2943"}],"version-history":[{"count":5,"href":"https:\/\/inaflashcard.com\/nl\/wp-json\/wp\/v2\/product\/2943\/revisions"}],"predecessor-version":[{"id":3873,"href":"https:\/\/inaflashcard.com\/nl\/wp-json\/wp\/v2\/product\/2943\/revisions\/3873"}],"wp:featuredmedia":[{"embeddable":true,"href":"https:\/\/inaflashcard.com\/nl\/wp-json\/wp\/v2\/media\/3854"}],"wp:attachment":[{"href":"https:\/\/inaflashcard.com\/nl\/wp-json\/wp\/v2\/media?parent=2943"}],"wp:term":[{"taxonomy":"product_brand","embeddable":true,"href":"https:\/\/inaflashcard.com\/nl\/wp-json\/wp\/v2\/product_brand?post=2943"},{"taxonomy":"product_cat","embeddable":true,"href":"https:\/\/inaflashcard.com\/nl\/wp-json\/wp\/v2\/product_cat?post=2943"},{"taxonomy":"product_tag","embeddable":true,"href":"https:\/\/inaflashcard.com\/nl\/wp-json\/wp\/v2\/product_tag?post=2943"}],"curies":[{"name":"wp","href":"https:\/\/api.w.org\/{rel}","templated":true}]}}